{"id":14,"date":"2025-09-24T09:23:52","date_gmt":"2025-09-24T09:23:52","guid":{"rendered":"https:\/\/lanave.fi\/?page_id=14"},"modified":"2026-01-07T19:52:06","modified_gmt":"2026-01-07T19:52:06","slug":"tietoa-meista","status":"publish","type":"page","link":"https:\/\/lanave.fi\/?page_id=14","title":{"rendered":"Tietoa meist\u00e4"},"content":{"rendered":"\n<div class=\"wp-block-group alignfull has-accent-3-background-color has-background is-vertical is-content-justification-center is-layout-flex wp-container-core-group-is-layout-623b1cb9 wp-block-group-is-layout-flex\" style=\"min-height:100vh;margin-top:0;margin-bottom:0;padding-top:var(--wp--preset--spacing--60);padding-right:var(--wp--preset--spacing--50);padding-bottom:var(--wp--preset--spacing--60);padding-left:var(--wp--preset--spacing--50)\">\n<h2 class=\"wp-block-heading\">Yhteystietomme<\/h2>\n\n\n\n<p>Meid\u00e4t tavoittaa helpoiten s\u00e4hk\u00f6postilla restaurantelanave@gmail.com  <\/p>\n\n\n\n<p><\/p>\n\n\n\n<p>Organisaatiomme<\/p>\n\n\n\n<ul class=\"wp-block-list\">\n<li>Johtaja Mia Halonen officelanave@gmail.com<\/li>\n\n\n\n<li>Ohjelmat, varaukset ja yhteydenotot: restaurantelanave@gmail.com<\/li>\n\n\n\n<li>Sosiaalinen media Jaska Kuusisto jaska.kuusisto@cfhotel.fi    <\/li>\n<\/ul>\n\n\n\n<p>Harjoittelut ja muut yhteisty\u00f6t: restaurantelanave@gmail.com   <\/p>\n<\/div>\n","protected":false},"excerpt":{"rendered":"<p>Yhteystietomme Meid\u00e4t tavoittaa helpoiten s\u00e4hk\u00f6postilla restaurantelanave@gmail.com Organisaatiomme Harjoittelut ja muut yhteisty\u00f6t: restaurantelanave@gmail.com<\/p>\n","protected":false},"author":1,"featured_media":0,"parent":0,"menu_order":0,"comment_status":"closed","ping_status":"closed","template":"","meta":{"footnotes":""},"class_list":["post-14","page","type-page","status-publish","hentry"],"_links":{"self":[{"href":"https:\/\/lanave.fi\/index.php?rest_route=\/wp\/v2\/pages\/14","targetHints":{"allow":["GET"]}}],"collection":[{"href":"https:\/\/lanave.fi\/index.php?rest_route=\/wp\/v2\/pages"}],"about":[{"href":"https:\/\/lanave.fi\/index.php?rest_route=\/wp\/v2\/types\/page"}],"author":[{"embeddable":true,"href":"https:\/\/lanave.fi\/index.php?rest_route=\/wp\/v2\/users\/1"}],"replies":[{"embeddable":true,"href":"https:\/\/lanave.fi\/index.php?rest_route=%2Fwp%2Fv2%2Fcomments&post=14"}],"version-history":[{"count":5,"href":"https:\/\/lanave.fi\/index.php?rest_route=\/wp\/v2\/pages\/14\/revisions"}],"predecessor-version":[{"id":201,"href":"https:\/\/lanave.fi\/index.php?rest_route=\/wp\/v2\/pages\/14\/revisions\/201"}],"wp:attachment":[{"href":"https:\/\/lanave.fi\/index.php?rest_route=%2Fwp%2Fv2%2Fmedia&parent=14"}],"curies":[{"name":"wp","href":"https:\/\/api.w.org\/{rel}","templated":true}]}}